{"id":274,"date":"2025-11-27T14:37:15","date_gmt":"2025-11-27T14:37:15","guid":{"rendered":"https:\/\/farrenstall-zimmerholz.de\/?page_id=274"},"modified":"2026-03-27T08:52:24","modified_gmt":"2026-03-27T08:52:24","slug":"2025-2","status":"publish","type":"page","link":"https:\/\/farrenstall-zimmerholz.de\/index.php\/chronik\/2025-2\/","title":{"rendered":"2025"},"content":{"rendered":"\t\t<div data-elementor-type=\"wp-page\" data-elementor-id=\"274\" class=\"elementor elementor-274\">\n\t\t\t\t<div class=\"elementor-element elementor-element-315b916 e-flex e-con-boxed e-con e-parent\" data-id=\"315b916\" data-element_type=\"container\" data-e-type=\"container\">\n\t\t\t\t\t<div class=\"e-con-inner\">\n\t\t\t\t<div class=\"elementor-element elementor-element-2e7ab77 elementor-widget elementor-widget-text-editor\" data-id=\"2e7ab77\" data-element_type=\"widget\" data-e-type=\"widget\" data-widget_type=\"text-editor.default\">\n\t\t\t\t\t\t\t\t\t<p><span style=\"font-weight: 400;\">Der Farrenstall war\u00a0 vom <\/span><b>16.04.2025 bis zum 10.12.2025 an insgesamt 18 Terminen<\/b><span style=\"font-weight: 400;\"> ge\u00f6ffnet.<\/span><\/p><h3><b>Mitgliederentwicklung &amp; Statistik<\/b><\/h3><p><span style=\"font-weight: 400;\">Besonders stolz k\u00f6nnen wir auf das Wachstum unserer Gemeinschaft blicken:<\/span><\/p><ul><li style=\"font-weight: 400;\" aria-level=\"1\"><span style=\"font-weight: 400;\">Der B\u00fcrgerverein Farrenstall z\u00e4hlt aktuell insgesamt <\/span><b>39 Mitglieder<\/b><span style=\"font-weight: 400;\">.<\/span><\/li><li style=\"font-weight: 400;\" aria-level=\"1\"><span style=\"font-weight: 400;\">Allein im Jahr 2025 konnten wir <\/span><b>19 Neuzug\u00e4nge<\/b><span style=\"font-weight: 400;\"> verzeichnen.<\/span><\/li><\/ul><h3><b>Veranstaltungskalender 2025<\/b><\/h3><p><span style=\"font-weight: 400;\">Unser Vereinsjahr war gepr\u00e4gt von einer Vielzahl an Aktivit\u00e4ten und Treffen:<\/span><\/p><ul><li style=\"font-weight: 400;\" aria-level=\"1\"><b>05.01.2025:<\/b><span style=\"font-weight: 400;\"> Neujahrsempfang der Feuerwehr.<\/span><\/li><li style=\"font-weight: 400;\" aria-level=\"1\"><b>06.01.2025:<\/b><span style=\"font-weight: 400;\"> Essen f\u00fcr die &#8222;3 K\u00f6nige&#8220; (Kinder).<\/span><\/li><li style=\"font-weight: 400;\" aria-level=\"1\"><b>27.02.2025:<\/b><span style=\"font-weight: 400;\"> Tanzgruppe am Schmutzigen Donnerstag.<\/span><\/li><li style=\"font-weight: 400;\" aria-level=\"1\"><b>19.03.2025:<\/b><span style=\"font-weight: 400;\"> Vorstandssitzung.<\/span><\/li><li style=\"font-weight: 400;\" aria-level=\"1\"><b>10.04.2025:<\/b><span style=\"font-weight: 400;\"> Arbeitseinsatz vor der \u00d6ffnung des Farrenstalls.<\/span><\/li><li style=\"font-weight: 400;\" aria-level=\"1\"><b>27.04.2025:<\/b><span style=\"font-weight: 400;\"> Patrozinium-Fr\u00fchschoppen.<\/span><\/li><li style=\"font-weight: 400;\" aria-level=\"1\"><b>17.05.2025:<\/b><span style=\"font-weight: 400;\"> Kommunion der Familie J. Zirell.<\/span><\/li><li style=\"font-weight: 400;\" aria-level=\"1\"><b>09.07.2025:<\/b><span style=\"font-weight: 400;\"> Mitgliederversammlung mit Einteilung der Arbeitsgruppen.<\/span><\/li><li style=\"font-weight: 400;\" aria-level=\"1\"><b>06.08.2025:<\/b><span style=\"font-weight: 400;\"> Wurstsalatessen des Bastelkreises.<\/span><\/li><li style=\"font-weight: 400;\" aria-level=\"1\"><b>17.09.2025:<\/b><span style=\"font-weight: 400;\"> Wurstsalat-Buffet f\u00fcr die Stettener Frauen und den BLHV.<\/span><\/li><li style=\"font-weight: 400;\" aria-level=\"1\"><b>07.10.2025:<\/b><span style=\"font-weight: 400;\"> Wurstsalat-Buffet der FFW Altersabteilung.<\/span><\/li><li style=\"font-weight: 400;\" aria-level=\"1\"><b>10.10.2025:<\/b><span style=\"font-weight: 400;\"> Abschlussprobe der FFW Zimmerholz-Stetten mit &#8222;Schniposa&#8220;.<\/span><\/li><li style=\"font-weight: 400;\" aria-level=\"1\"><b>15.10.2025:<\/b><span style=\"font-weight: 400;\"> Wurstsalatessen mit den Talheimer W\u00e4gelemusikanten.<\/span><\/li><li style=\"font-weight: 400;\" aria-level=\"1\"><b>12.11.2025:<\/b><span style=\"font-weight: 400;\"> Treffen des Bauernverbands mit &#8222;Schniposa&#8220;.<\/span><\/li><li style=\"font-weight: 400;\" aria-level=\"1\"><b>21.\u201323.11.2025:<\/b><span style=\"font-weight: 400;\"> Dreit\u00e4giges Krimidinner der &#8222;Kornkiller&#8220;.<\/span><\/li><li style=\"font-weight: 400;\" aria-level=\"1\"><b>06.12.2025:<\/b><span style=\"font-weight: 400;\"> &#8222;Weihnachten im Dorf&#8220;.<\/span><\/li><\/ul><p><span style=\"font-weight: 400;\">Besonders herausragend aus den Veranstaltungen war das Wurstsalatessen mit den Talheimer W\u00e4gelemusikanten am 15. Oktober und der kulturelle H\u00f6hepunkt war das dreit\u00e4gige <\/span><b>Krimidinner \u201eDer Kornkiller\u201c<\/b><span style=\"font-weight: 400;\"> im November<\/span><\/p><h3><b>Jubil\u00e4en und Geburtstage<\/b><\/h3><p><span style=\"font-weight: 400;\">Im Jahr 2025 durften wir zahlreichen Mitgliedern gratulieren und besondere Meilensteine feiern:<\/span><\/p><ul><li style=\"font-weight: 400;\" aria-level=\"1\"><b>50-j\u00e4hriges Jubil\u00e4um:<\/b><span style=\"font-weight: 400;\"> Der Bastelkreis feierte am 18.01.2025 sein Bestehen.<\/span><\/li><li style=\"font-weight: 400;\" aria-level=\"1\"><b>Runde Geburtstage &amp; Ehrentage:<\/b><span style=\"font-weight: 400;\"> Robert Schlude feierte am 04.01.2025 seinen 80. Geburtstag.<\/span><\/li><li style=\"font-weight: 400;\" aria-level=\"1\"><b>Weitere Geburtstagsfeiern: <\/b><span style=\"font-weight: 400;\">Etliche Mitglieder haben 2025 den Farrenstall f\u00fcr ihre Geburtstagsfeiern gemietet:<\/span><ul><li style=\"font-weight: 400;\" aria-level=\"2\"><span style=\"font-weight: 400;\">31.01. Doris Dubas\u00a0<\/span><\/li><li style=\"font-weight: 400;\" aria-level=\"2\"><span style=\"font-weight: 400;\">10.05. ? Kohler\u00a0<\/span><\/li><li style=\"font-weight: 400;\" aria-level=\"2\"><span style=\"font-weight: 400;\">06.06. Michael Drobnitza<\/span><\/li><li style=\"font-weight: 400;\" aria-level=\"2\"><span style=\"font-weight: 400;\">20.09. Carmen Zimmermann<\/span><\/li><li style=\"font-weight: 400;\" aria-level=\"2\"><span style=\"font-weight: 400;\">08.11. Markus Gebhart\u00a0<\/span><\/li><\/ul><\/li><\/ul><h3><b>Bauliche Ma\u00dfnahmen und Sponsoring<\/b><\/h3><p><span style=\"font-weight: 400;\">Damit unser Farrenstall auch weiterhin ein einladender Ort bleibt, wurden folgende Ma\u00dfnahmen umgesetzt:<\/span><\/p><ul><li style=\"font-weight: 400;\" aria-level=\"1\"><b>Instandhaltung:<\/b><span style=\"font-weight: 400;\"> Es wurden neue Dachziegel beschafft und notwendiges Material eingekauft.<\/span><\/li><li style=\"font-weight: 400;\" aria-level=\"1\"><b>Ordnung:<\/b><span style=\"font-weight: 400;\"> Eine umfassende Aufr\u00e4umaktion wurde durchgef\u00fchrt.<\/span><\/li><li style=\"font-weight: 400;\" aria-level=\"1\"><b>Sponsoring:<\/b><span style=\"font-weight: 400;\"> Ein herzlicher Dank gilt Robert Kotsch f\u00fcr das Sponsoring unserer neuen Poloshirts.<\/span><\/li><\/ul><p>\u00a0<\/p><p><span style=\"font-weight: 400;\">Zusammenfassend blicken wir auf ein Jahr zur\u00fcck, das durch ein starkes Miteinander und eine positive Zukunftsperspektive gepr\u00e4gt war.<\/span><\/p>\t\t\t\t\t\t\t\t<\/div>\n\t\t\t\t\t<\/div>\n\t\t\t\t<\/div>\n\t\t\t\t<\/div>\n\t\t","protected":false},"excerpt":{"rendered":"<p>Der Farrenstall war\u00a0 vom 16.04.2025 bis zum 10.12.2025 an insgesamt 18 Terminen ge\u00f6ffnet. Mitgliederentwicklung &amp; Statistik Besonders stolz k\u00f6nnen wir auf das Wachstum unserer Gemeinschaft blicken: Der B\u00fcrgerverein Farrenstall z\u00e4hlt aktuell insgesamt 39 Mitglieder. Allein im Jahr 2025 konnten wir 19 Neuzug\u00e4nge verzeichnen. Veranstaltungskalender 2025 Unser Vereinsjahr war gepr\u00e4gt von einer Vielzahl an Aktivit\u00e4ten und [&hellip;]<\/p>\n","protected":false},"author":1,"featured_media":0,"parent":271,"menu_order":2,"comment_status":"closed","ping_status":"closed","template":"","meta":{"footnotes":""},"class_list":["post-274","page","type-page","status-publish","hentry"],"_links":{"self":[{"href":"https:\/\/farrenstall-zimmerholz.de\/index.php\/wp-json\/wp\/v2\/pages\/274","targetHints":{"allow":["GET"]}}],"collection":[{"href":"https:\/\/farrenstall-zimmerholz.de\/index.php\/wp-json\/wp\/v2\/pages"}],"about":[{"href":"https:\/\/farrenstall-zimmerholz.de\/index.php\/wp-json\/wp\/v2\/types\/page"}],"author":[{"embeddable":true,"href":"https:\/\/farrenstall-zimmerholz.de\/index.php\/wp-json\/wp\/v2\/users\/1"}],"replies":[{"embeddable":true,"href":"https:\/\/farrenstall-zimmerholz.de\/index.php\/wp-json\/wp\/v2\/comments?post=274"}],"version-history":[{"count":4,"href":"https:\/\/farrenstall-zimmerholz.de\/index.php\/wp-json\/wp\/v2\/pages\/274\/revisions"}],"predecessor-version":[{"id":462,"href":"https:\/\/farrenstall-zimmerholz.de\/index.php\/wp-json\/wp\/v2\/pages\/274\/revisions\/462"}],"up":[{"embeddable":true,"href":"https:\/\/farrenstall-zimmerholz.de\/index.php\/wp-json\/wp\/v2\/pages\/271"}],"wp:attachment":[{"href":"https:\/\/farrenstall-zimmerholz.de\/index.php\/wp-json\/wp\/v2\/media?parent=274"}],"curies":[{"name":"wp","href":"https:\/\/api.w.org\/{rel}","templated":true}]}}